{"id":1530,"date":"2025-09-25T12:55:58","date_gmt":"2025-09-25T12:55:58","guid":{"rendered":"https:\/\/preprod.chamois-toussuire.com\/mentions-legales\/"},"modified":"2025-11-13T08:43:30","modified_gmt":"2025-11-13T08:43:30","slug":"legal-notice","status":"publish","type":"page","link":"https:\/\/chamois-toussuire.com\/en\/legal-notice\/","title":{"rendered":"Legal notice"},"content":{"rendered":"<div class=\"fusion-fullwidth fullwidth-box fusion-builder-row-1 fusion-flex-container has-pattern-background has-mask-background nonhundred-percent-fullwidth non-hundred-percent-height-scrolling\" style=\"--awb-border-radius-top-left:0px;--awb-border-radius-top-right:0px;--awb-border-radius-bottom-right:0px;--awb-border-radius-bottom-left:0px;--awb-flex-wrap:wrap;\" ><div class=\"fusion-builder-row fusion-row fusion-flex-align-items-flex-start fusion-flex-content-wrap\" style=\"max-width:1248px;margin-left: calc(-4% \/ 2 );margin-right: calc(-4% \/ 2 );\"><div class=\"fusion-layout-column fusion_builder_column fusion-builder-column-0 fusion_builder_column_1_1 1_1 fusion-flex-column\" style=\"--awb-bg-size:cover;--awb-width-large:100%;--awb-margin-top-large:0px;--awb-spacing-right-large:1.92%;--awb-margin-bottom-large:20px;--awb-spacing-left-large:1.92%;--awb-width-medium:100%;--awb-order-medium:0;--awb-spacing-right-medium:1.92%;--awb-spacing-left-medium:1.92%;--awb-width-small:100%;--awb-order-small:0;--awb-spacing-right-small:1.92%;--awb-spacing-left-small:1.92%;\"><div class=\"fusion-column-wrapper fusion-column-has-shadow fusion-flex-justify-content-flex-start fusion-content-layout-column\"><div class=\"fusion-title title fusion-title-1 fusion-sep-none fusion-title-center fusion-title-text fusion-title-size-one\"><h1 class=\"fusion-title-heading title-heading-center\" style=\"margin:0;\">Legal notice<\/h1><\/div><div class=\"fusion-text fusion-text-1\"><p><strong>LE CHAMOIS RESTAURANT<\/strong><br \/>\nRue Blanche<br \/>\n73300 LA TOUSSUIRE<br \/>\nT\u00e9l : 04 79 56 74 86 \u2013 06 69 68 74 86<\/p>\n<p><strong>1) Conditions d\u2019utilisation :<\/strong><br \/>\nL\u2019ensemble de ce site rel\u00e8ve de la l\u00e9gislation fran\u00e7aise et internationale sur le droit d\u2019auteur et la propri\u00e9t\u00e9 intellectuelle. Tous les droits de reproduction sont r\u00e9serv\u00e9s, y compris pour les documents t\u00e9l\u00e9chargeables et les repr\u00e9sentations iconographiques et photographiques. Le contenu est, sauf mention contraire, la propri\u00e9t\u00e9 du Restaurant Le Chamois. La reproduction de tout ou partie de ce site, sous quelques formes que ce soit est interdite.<\/p>\n<p><strong>2) Protection des donn\u00e9es personnelles :<\/strong><br \/>\nVous disposez d\u2019un droit d\u2019acc\u00e8s, de modification et de suppression des donn\u00e9es qui vous concernent (Loi du 6 janvier 1978 Informatique et libert\u00e9).<\/p>\n<p><strong>3) R\u00e9alisation :<\/strong><br \/>\nCe site internet a \u00e9t\u00e9 r\u00e9alis\u00e9 par la soci\u00e9t\u00e9 :<\/p>\n<p>Agence Cr\u00e9amel,<br \/>\nPlace Fod\u00e9r\u00e9<br \/>\n73300, ST JEAN DE MAURIENNE<br \/>\n<a href=\"http:\/\/www.creamel.fr\/\" target=\"_blank\" rel=\"noopener noreferrer\">www.creamel.fr<\/a><\/p>\n<p><strong>4) H\u00e9bergement :<\/strong><br \/>\nCe site Internet est h\u00e9berg\u00e9 par la soci\u00e9t\u00e9 : SAS OVH, 2 rue Kellermann \u2013 BP 80157 \u2013 59053 Roubaix Cedex 1<\/p>\n<p><strong>5) Liens vers les sites de tierce-parties :<\/strong><br \/>\nCe site internet contient des liens vers d\u2019autres sites. L\u2019acc\u00e8s \u00e0 un site li\u00e9 \u00e0 notre site se fait aux risques et p\u00e9rils du visiteur ou de l\u2019utilisateur et Restaurant Le Chamois ne sauraient \u00eatre tenus pour responsables des dommages, erreurs ou omissions pr\u00e9sents sur ces sites.<\/p>\n<p><strong>6) Droits d\u2019auteur<\/strong><br \/>\nLe pr\u00e9sent site constitue une \u0153uvre dont Cr\u00e9amel est l\u2019auteur au sens des articles L. 111.1 et suivants du Code de la propri\u00e9t\u00e9 intellectuelle.<br \/>\nLes photographies, textes, slogans, dessins, images ainsi que toutes \u0153uvres int\u00e9gr\u00e9s dans le site sont la propri\u00e9t\u00e9 de Cr\u00e9amel ou de tiers ayant autoris\u00e9 Cr\u00e9amel \u00e0 les utiliser.<br \/>\nLes reproductions, sur un support papier ou informatique, dudit site et des \u0153uvres qui y sont reproduits sont autoris\u00e9es sous r\u00e9serve qu\u2019elles soient strictement r\u00e9serv\u00e9es \u00e0 un usage personnel excluant tout usage \u00e0 des fins publicitaires et\/ou commerciales et\/ou d\u2019information et\/ou qu\u2019elles soient conformes aux dispositions de l\u2019article L122-5 du Code de la Propri\u00e9t\u00e9 Intellectuelle.<br \/>\nA l\u2019exception des dispositions ci-dessus, toute reproduction, repr\u00e9sentation, utilisation ou modification, par quelque proc\u00e9d\u00e9 que ce soit et sur quelque support que ce soit, de tout ou partie du site, de tout ou partie des diff\u00e9rentes \u0153uvres, sans avoir obtenu l\u2019autorisation pr\u00e9alable de Cr\u00e9amel , est strictement interdite et constitue un d\u00e9lit de contrefa\u00e7on puni de deux ans d\u2019emprisonnement et de 150.000 \u20ac d\u2019amende.<\/p>\n<\/div><\/div><\/div><\/div><\/div>\n","protected":false},"excerpt":{"rendered":"","protected":false},"author":1,"featured_media":0,"parent":0,"menu_order":0,"comment_status":"closed","ping_status":"closed","template":"100-width.php","meta":{"footnotes":""},"class_list":["post-1530","page","type-page","status-publish","hentry"],"_links":{"self":[{"href":"https:\/\/chamois-toussuire.com\/en\/wp-json\/wp\/v2\/pages\/1530","targetHints":{"allow":["GET"]}}],"collection":[{"href":"https:\/\/chamois-toussuire.com\/en\/wp-json\/wp\/v2\/pages"}],"about":[{"href":"https:\/\/chamois-toussuire.com\/en\/wp-json\/wp\/v2\/types\/page"}],"author":[{"embeddable":true,"href":"https:\/\/chamois-toussuire.com\/en\/wp-json\/wp\/v2\/users\/1"}],"replies":[{"embeddable":true,"href":"https:\/\/chamois-toussuire.com\/en\/wp-json\/wp\/v2\/comments?post=1530"}],"version-history":[{"count":5,"href":"https:\/\/chamois-toussuire.com\/en\/wp-json\/wp\/v2\/pages\/1530\/revisions"}],"predecessor-version":[{"id":2000,"href":"https:\/\/chamois-toussuire.com\/en\/wp-json\/wp\/v2\/pages\/1530\/revisions\/2000"}],"wp:attachment":[{"href":"https:\/\/chamois-toussuire.com\/en\/wp-json\/wp\/v2\/media?parent=1530"}],"curies":[{"name":"wp","href":"https:\/\/api.w.org\/{rel}","templated":true}]}}